{"id":4636,"date":"2023-03-01T12:36:55","date_gmt":"2023-03-01T11:36:55","guid":{"rendered":"https:\/\/coronell-denvila.com\/aviso-legal\/"},"modified":"2024-05-17T16:46:16","modified_gmt":"2024-05-17T14:46:16","slug":"aviso-legal","status":"publish","type":"page","link":"https:\/\/coronell-denvila.com\/es\/aviso-legal\/","title":{"rendered":"Aviso legal"},"content":{"rendered":"\t\t<div data-elementor-type=\"wp-page\" data-elementor-id=\"4636\" class=\"elementor elementor-4636 elementor-2425\" data-elementor-post-type=\"page\">\n\t\t\t\t\t\t<section class=\"elementor-section elementor-top-section elementor-element elementor-element-42fa529 elementor-section-boxed elementor-section-height-default elementor-section-height-default\" data-id=\"42fa529\" data-element_type=\"section\" data-e-type=\"section\">\n\t\t\t\t\t\t<div class=\"elementor-container elementor-column-gap-default\">\n\t\t\t\t\t<div class=\"elementor-column elementor-col-100 elementor-top-column elementor-element elementor-element-f650206\" data-id=\"f650206\" data-element_type=\"column\" data-e-type=\"column\">\n\t\t\t<div class=\"elementor-widget-wrap elementor-element-populated\">\n\t\t\t\t\t\t<div class=\"elementor-element elementor-element-f1e50e8 elementor-widget elementor-widget-heading\" data-id=\"f1e50e8\" data-element_type=\"widget\" data-e-type=\"widget\" data-widget_type=\"heading.default\">\n\t\t\t\t<div class=\"elementor-widget-container\">\n\t\t\t\t\t<h1 class=\"elementor-heading-title elementor-size-default\">AVISO LEGAL<\/h1>\t\t\t\t<\/div>\n\t\t\t\t<\/div>\n\t\t\t\t<div class=\"elementor-element elementor-element-37343c6 elementor-widget elementor-widget-text-editor\" data-id=\"37343c6\" data-element_type=\"widget\" data-e-type=\"widget\" data-widget_type=\"text-editor.default\">\n\t\t\t\t<div class=\"elementor-widget-container\">\n\t\t\t\t\t\t\t\t\tRaz\u00f3n social: Sociedad Civil \u2013 Coronell d&#8217;En Vila\r\n\r\nContacto: contact@coronell-denvila.com\r\n\r\nSede social: 1 bis Place de la R\u00e9publique 66000 Perpi\u00f1\u00e1n\t\t\t\t\t\t\t\t<\/div>\n\t\t\t\t<\/div>\n\t\t\t\t<div class=\"elementor-element elementor-element-06a0780 elementor-widget elementor-widget-heading\" data-id=\"06a0780\" data-element_type=\"widget\" data-e-type=\"widget\" data-widget_type=\"heading.default\">\n\t\t\t\t<div class=\"elementor-widget-container\">\n\t\t\t\t\t<h2 class=\"elementor-heading-title elementor-size-default\">ALOJAMIENTO<\/h2>\t\t\t\t<\/div>\n\t\t\t\t<\/div>\n\t\t\t\t<div class=\"elementor-element elementor-element-3b6da79 elementor-widget elementor-widget-text-editor\" data-id=\"3b6da79\" data-element_type=\"widget\" data-e-type=\"widget\" data-widget_type=\"text-editor.default\">\n\t\t\t\t<div class=\"elementor-widget-container\">\n\t\t\t\t\t\t\t\t\t<p>Nuestro sitio est\u00e1 alojado por la empresa Infomaniak, en servidores seguros en Suiza:<\/p>\n<p>Forma jur\u00eddica: Sociedad An\u00f3nima<\/p>\n<p>Registro Mercantil: CH-660.0.059.996-1 (Cant\u00f3n de Ginebra)<\/p>\n<p>N\u00b0 IVA: CHE-103.167.648<\/p>\n<p>Sede social: Rue Eug\u00e8ne Marziano 25 \u2013 1227 Les Acacias (GE)<\/p>\n<p>Hacemos todo lo posible para garantizar su protecci\u00f3n. Sin embargo, dado que Internet es un sistema abierto, Coronell d &#8216;En Vila no puede garantizar la seguridad de la informaci\u00f3n que el usuario nos transmite a trav\u00e9s de Internet y no asume ninguna responsabilidad en caso de uso ileg\u00edtimo o fraudulento por parte de un tercero no autorizado.<\/p>\n\t\t\t\t\t\t\t\t<\/div>\n\t\t\t\t<\/div>\n\t\t\t\t<div class=\"elementor-element elementor-element-a066a59 elementor-widget elementor-widget-heading\" data-id=\"a066a59\" data-element_type=\"widget\" data-e-type=\"widget\" data-widget_type=\"heading.default\">\n\t\t\t\t<div class=\"elementor-widget-container\">\n\t\t\t\t\t<h2 class=\"elementor-heading-title elementor-size-default\">DISE\u00d1ADOR<\/h2>\t\t\t\t<\/div>\n\t\t\t\t<\/div>\n\t\t\t\t<div class=\"elementor-element elementor-element-b114e2e elementor-widget elementor-widget-text-editor\" data-id=\"b114e2e\" data-element_type=\"widget\" data-e-type=\"widget\" data-widget_type=\"text-editor.default\">\n\t\t\t\t<div class=\"elementor-widget-container\">\n\t\t\t\t\t\t\t\t\t<p>P\u00e1gina web creada por la empresa <strong><span style=\"color: #dbb763;\"><a style=\"color: #dbb763;\" href=\"https:\/\/gooplus.fr\/\" target=\"_blank\" rel=\"noopener\">Gooplus<\/a><\/span><\/strong><\/p>\n\t\t\t\t\t\t\t\t<\/div>\n\t\t\t\t<\/div>\n\t\t\t\t<div class=\"elementor-element elementor-element-70ef88c elementor-widget elementor-widget-heading\" data-id=\"70ef88c\" data-element_type=\"widget\" data-e-type=\"widget\" data-widget_type=\"heading.default\">\n\t\t\t\t<div class=\"elementor-widget-container\">\n\t\t\t\t\t<h2 class=\"elementor-heading-title elementor-size-default\">GR\u00c1FICOS Y DISE\u00d1O WEB<\/h2>\t\t\t\t<\/div>\n\t\t\t\t<\/div>\n\t\t\t\t<div class=\"elementor-element elementor-element-129c7ef elementor-widget elementor-widget-text-editor\" data-id=\"129c7ef\" data-element_type=\"widget\" data-e-type=\"widget\" data-widget_type=\"text-editor.default\">\n\t\t\t\t<div class=\"elementor-widget-container\">\n\t\t\t\t\t\t\t\t\t<p>Creaci\u00f3n gr\u00e1fica: <strong><span style=\"color: #dbb763;\"><a style=\"color: #dbb763;\" href=\"https:\/\/gooplus.fr\/\" target=\"_blank\" rel=\"noopener\">Gooplus<\/a><\/span><\/strong><\/p>\n\t\t\t\t\t\t\t\t<\/div>\n\t\t\t\t<\/div>\n\t\t\t\t<div class=\"elementor-element elementor-element-0694dd8 elementor-widget elementor-widget-heading\" data-id=\"0694dd8\" data-element_type=\"widget\" data-e-type=\"widget\" data-widget_type=\"heading.default\">\n\t\t\t\t<div class=\"elementor-widget-container\">\n\t\t\t\t\t<h2 class=\"elementor-heading-title elementor-size-default\">PROTECCI\u00d3N DE DATOS PERSONALES<\/h2>\t\t\t\t<\/div>\n\t\t\t\t<\/div>\n\t\t\t\t<div class=\"elementor-element elementor-element-3fa65ed elementor-widget elementor-widget-text-editor\" data-id=\"3fa65ed\" data-element_type=\"widget\" data-e-type=\"widget\" data-widget_type=\"text-editor.default\">\n\t\t\t\t<div class=\"elementor-widget-container\">\n\t\t\t\t\t\t\t\t\t<p>De acuerdo con la ley francesa de inform\u00e1tica y libertades del 6 de enero de 1978, puede modificar o eliminar en cualquier momento la informaci\u00f3n relacionada con sus solicitudes de contacto. Dado que esta informaci\u00f3n es confidencial, Coronell d &#8216;En Vila se compromete a protegerla.<br \/>\nUsted dispone de un derecho de acceso, modificaci\u00f3n, rectificaci\u00f3n y supresi\u00f3n de los datos que le conciernen (art. 34 de la ley francesa \u00abInform\u00e1tica y Libertades\u00bb). Puede ejercer este derecho directamente poni\u00e9ndose en contacto con nosotros:<\/p>\n<p>Coronell d &#8216;En Vila con domicilio social en 1 bis Place de la R\u00e9publique 66000 Perpi\u00f1\u00e1n<\/p>\n<p>E-mail : contact@coronell-denvila.com<\/p>\n<p>Tambi\u00e9n puede, por motivos leg\u00edtimos, oponerse al tratamiento de los datos que le conciernen.<\/p>\n\t\t\t\t\t\t\t\t<\/div>\n\t\t\t\t<\/div>\n\t\t\t\t\t<\/div>\n\t\t<\/div>\n\t\t\t\t\t<\/div>\n\t\t<\/section>\n\t\t\t\t<\/div>\n\t\t","protected":false},"excerpt":{"rendered":"<p>AVISO LEGAL Raz\u00f3n social: Sociedad Civil \u2013 Coronell d&#8217;En Vila Contacto: contact@coronell-denvila.com Sede social: 1 bis Place de la R\u00e9publique 66000 Perpi\u00f1\u00e1n ALOJAMIENTO Nuestro sitio est\u00e1 alojado por la empresa Infomaniak, en servidores seguros en Suiza: Forma jur\u00eddica: Sociedad An\u00f3nima Registro Mercantil: CH-660.0.059.996-1 (Cant\u00f3n de Ginebra) N\u00b0 IVA: CHE-103.167.648 Sede social: Rue Eug\u00e8ne Marziano 25 [&hellip;]<\/p>\n","protected":false},"author":2,"featured_media":0,"parent":0,"menu_order":0,"comment_status":"closed","ping_status":"closed","template":"","meta":{"_seopress_robots_primary_cat":"","_seopress_titles_title":"","_seopress_titles_desc":"","_seopress_robots_index":"yes","footnotes":""},"class_list":["post-4636","page","type-page","status-publish","hentry"],"_links":{"self":[{"href":"https:\/\/coronell-denvila.com\/es\/wp-json\/wp\/v2\/pages\/4636","targetHints":{"allow":["GET"]}}],"collection":[{"href":"https:\/\/coronell-denvila.com\/es\/wp-json\/wp\/v2\/pages"}],"about":[{"href":"https:\/\/coronell-denvila.com\/es\/wp-json\/wp\/v2\/types\/page"}],"author":[{"embeddable":true,"href":"https:\/\/coronell-denvila.com\/es\/wp-json\/wp\/v2\/users\/2"}],"replies":[{"embeddable":true,"href":"https:\/\/coronell-denvila.com\/es\/wp-json\/wp\/v2\/comments?post=4636"}],"version-history":[{"count":0,"href":"https:\/\/coronell-denvila.com\/es\/wp-json\/wp\/v2\/pages\/4636\/revisions"}],"wp:attachment":[{"href":"https:\/\/coronell-denvila.com\/es\/wp-json\/wp\/v2\/media?parent=4636"}],"curies":[{"name":"wp","href":"https:\/\/api.w.org\/{rel}","templated":true}]}}